{"id":27,"date":"2022-06-28T17:13:05","date_gmt":"2022-06-28T17:13:05","guid":{"rendered":"http:\/\/www.bahiahausdonpietro.com.br\/?page_id=27"},"modified":"2024-03-05T21:21:04","modified_gmt":"2024-03-05T21:21:04","slug":"home","status":"publish","type":"page","link":"https:\/\/www.bahiahausdonpietro.com.br\/","title":{"rendered":"Home"},"content":{"rendered":"\n\n\n<h4>canavieiras<span style=\"color: #FEB209;\"> bahia<\/span><\/h4>\n\n<h5>Situada na Costa do Cacau, Canavieiras \u00e9 conhecida como a Capital Baiana do Caranguejo e pesca do Marlim Azul.<\/h5>\n<p>Canavieiras \u00e9 um para\u00edso de belas praias, ilhas e rios, localizada \u00e0s margens do Rio Pardo em frente ao mar, com uma paisagem e a natureza exuberante. A cidade \u00e9 conhecida pela pescaria de marlim azul, uma nobre pescaria esportiva conhecida no mundo inteiro, e tamb\u00e9m a pescaria esportiva de robalo. Os manguezais representam um importante patrim\u00f4nio natural, preservados, o caranguejo \u00e9 a marca da culin\u00e1ria de Canavieiras. Na cidade existem muitas atra\u00e7\u00f5es tur\u00edsticas, como casar\u00f5es coloniais, rios, pontes, e praias desertas paradis\u00edacas.<\/p>\n\n\n\n\n\n\n\n\n\n\n\n\n\n\n\n\n\n\n\n<h4>sobre<span style=\"color: #FEB209;\"> n\u00f3s<\/span><\/h4>\n\n\n\n<p>Somos uma empresa familiar que tem grande prazer em aproximar a &#8220;cultura brasileira&#8221; de outras pessoas! Conhe\u00e7a a Bahia Haus Don Pietro, em frente ao mar em uma das praias mais charmosas da Bahia. Pronta para receber voc\u00ea e sua fam\u00edlia para dias inesquec\u00edveis com conforto e comodidade em meio a natureza.<\/p>\n\n\n\n\n\n\n\n\n\n<h4>nossas<span style=\"color: #FEB209;\"> casas<\/span><\/h4>\n\n\n\n\n\n\n\n\n\n\n\n<h3>casa<span style=\"color: #FEB209;\"> 1<\/span><\/h3><h3><\/h3>\n<p><\/p><ul><li><h5><font style=\"vertical-align: inherit;\"><font style=\"vertical-align: inherit;\">2 quartos sendo 1 su\u00edte (2 camas casal)<\/font><\/font><\/h5><\/li><li><h5><font style=\"vertical-align: inherit;\"><font style=\"vertical-align: inherit;\">Wc social<\/font><\/font><\/h5><\/li><li><h5><font style=\"vertical-align: inherit;\"><font style=\"vertical-align: inherit;\">Sala<\/font><\/font><\/h5><\/li><li><h5><font style=\"vertical-align: inherit;\"><font style=\"vertical-align: inherit;\">Cozinha<\/font><\/font><\/h5><\/li><li><h5><font style=\"vertical-align: inherit;\"><font style=\"vertical-align: inherit;\">\u00c1rea de servi\u00e7o<\/font><\/font><\/h5><\/li><li><h5><font style=\"vertical-align: inherit;\"><font style=\"vertical-align: inherit;\">Varanda com vista para o mar<\/font><\/font><\/h5><\/li><\/ul>\n<h5>Di\u00e1ria: <span style=\"color: #FEB209;\"> \n R$500*<\/span><\/h5>\n\n\n\n\n\n<h3>casa<span style=\"color: #FEB209;\"> 2<\/span><\/h3><h3><\/h3>\n<p><\/p><ul><li><h5><font style=\"vertical-align: inherit;\"><font style=\"vertical-align: inherit;\">2 quartos sendo 1 su\u00edte (2 camas casal)<\/font><\/font><\/h5><\/li><li><h5><font style=\"vertical-align: inherit;\"><font style=\"vertical-align: inherit;\">Wc social<\/font><\/font><\/h5><\/li><li><h5><font style=\"vertical-align: inherit;\"><font style=\"vertical-align: inherit;\">Sala<\/font><\/font><\/h5><\/li><li><h5><font style=\"vertical-align: inherit;\"><font style=\"vertical-align: inherit;\">Cozinha<\/font><\/font><\/h5><\/li><li><h5><font style=\"vertical-align: inherit;\"><font style=\"vertical-align: inherit;\">\u00c1rea de servi\u00e7o<\/font><\/font><\/h5><\/li><li><h5><font style=\"vertical-align: inherit;\"><font style=\"vertical-align: inherit;\">Varanda com vista para o mar<\/font><\/font><\/h5><\/li><\/ul>\n<h5>Di\u00e1ria: <span style=\"color: #FEB209;\"> \n R$500*<\/span><\/h5>\n\n\n\n\n\n\n\n\n\n\n\n\n\n\n\n\n\n<h3>casa<span style=\"color: #FEB209;\"> 3<\/span><\/h3><h3><\/h3>\n<p><\/p><ul><li><h5><font style=\"vertical-align: inherit;\"><font style=\"vertical-align: inherit;\">3 quartos sendo 1 su\u00edte (2 camas casal + 2 solteiro)<\/font><\/font><\/h5><\/li><li><h5><font style=\"vertical-align: inherit;\"><font style=\"vertical-align: inherit;\">Wc social<\/font><\/font><\/h5><\/li><li><h5><font style=\"vertical-align: inherit;\"><font style=\"vertical-align: inherit;\">Sala<\/font><\/font><\/h5><\/li><li><h5><font style=\"vertical-align: inherit;\"><font style=\"vertical-align: inherit;\">Cozinha<\/font><\/font><\/h5><\/li><li><h5><font style=\"vertical-align: inherit;\"><font style=\"vertical-align: inherit;\">\u00c1rea de servi\u00e7o<\/font><\/font><\/h5><\/li><li><h5><font style=\"vertical-align: inherit;\"><font style=\"vertical-align: inherit;\">Varanda com vista para o mar<\/font><\/font><\/h5><\/li><\/ul>\n<h5>Di\u00e1ria: <span style=\"color: #FEB209;\"> \n R$700*<\/span><\/h5>\n\n\n\n\n\n\n\n<h4><font style=\"vertical-align: inherit;\"><font style=\"vertical-align: inherit;\">bahia haus&nbsp;<font color=\"#feb209\">don pietro<\/font><\/font><\/font><\/h4>\n\n\n\n\n\n\n<h1><font style=\"vertical-align: inherit;\"><font style=\"vertical-align: inherit;\">praia<\/font><\/font><\/h1>\n<h4>&amp; conforto<\/h4>\n\n\n<h5><font style=\"vertical-align: inherit;\"><font style=\"vertical-align: inherit;\">Todas as nossas casas s\u00e3o equipadas com: Ar Condicionado, Chuveiro El\u00e9trico, Cozinha Completa e Estacionamento.<\/font><\/font><\/h5>\n\n\n\n\n\n\n\n\n\n\n","protected":false},"excerpt":{"rendered":"","protected":false},"author":1,"featured_media":0,"parent":0,"menu_order":0,"comment_status":"closed","ping_status":"closed","template":"","meta":{"pagelayer_contact_templates":[],"_pagelayer_content":"","footnotes":""},"class_list":["post-27","page","type-page","status-publish","hentry"],"_links":{"self":[{"href":"https:\/\/www.bahiahausdonpietro.com.br\/index.php?rest_route=\/wp\/v2\/pages\/27","targetHints":{"allow":["GET"]}}],"collection":[{"href":"https:\/\/www.bahiahausdonpietro.com.br\/index.php?rest_route=\/wp\/v2\/pages"}],"about":[{"href":"https:\/\/www.bahiahausdonpietro.com.br\/index.php?rest_route=\/wp\/v2\/types\/page"}],"author":[{"embeddable":true,"href":"https:\/\/www.bahiahausdonpietro.com.br\/index.php?rest_route=\/wp\/v2\/users\/1"}],"replies":[{"embeddable":true,"href":"https:\/\/www.bahiahausdonpietro.com.br\/index.php?rest_route=%2Fwp%2Fv2%2Fcomments&post=27"}],"version-history":[{"count":29,"href":"https:\/\/www.bahiahausdonpietro.com.br\/index.php?rest_route=\/wp\/v2\/pages\/27\/revisions"}],"predecessor-version":[{"id":113,"href":"https:\/\/www.bahiahausdonpietro.com.br\/index.php?rest_route=\/wp\/v2\/pages\/27\/revisions\/113"}],"wp:attachment":[{"href":"https:\/\/www.bahiahausdonpietro.com.br\/index.php?rest_route=%2Fwp%2Fv2%2Fmedia&parent=27"}],"curies":[{"name":"wp","href":"https:\/\/api.w.org\/{rel}","templated":true}]}}